{"id":2,"date":"2020-09-22T11:53:27","date_gmt":"2020-09-22T11:53:27","guid":{"rendered":"https:\/\/tgverk.is\/?page_id=2"},"modified":"2026-03-26T10:30:08","modified_gmt":"2026-03-26T10:30:08","slug":"home","status":"publish","type":"page","link":"https:\/\/tgverk.is\/en\/","title":{"rendered":"Home"},"content":{"rendered":"<p>[et_pb_section fb_built=&#8221;1&#8243; _builder_version=&#8221;4.25.1&#8243; _module_preset=&#8221;default&#8221; background_color=&#8221;RGBA(255,255,255,0)&#8221; custom_margin=&#8221;||-3px||false|false&#8221; custom_padding=&#8221;41px||3px|||&#8221; global_colors_info=&#8221;{}&#8221;][et_pb_row column_structure=&#8221;2_5,3_5&#8243; module_class=&#8221; lwp-video-autoplay&#8221; _builder_version=&#8221;4.25.1&#8243; _module_preset=&#8221;4ffac2ae-10fd-4d79-92ba-71401f430717&#8243; background_size=&#8221;initial&#8221; background_position=&#8221;top_left&#8221; background_repeat=&#8221;repeat&#8221; background_enable_video_mp4=&#8221;off&#8221; background_enable_video_webm=&#8221;off&#8221; width_phone=&#8221;95%&#8221; max_width_tablet=&#8221;&#8221; max_width_phone=&#8221;&#8221; max_width_last_edited=&#8221;on|desktop&#8221; min_height_tablet=&#8221;&#8221; min_height_phone=&#8221;&#8221; min_height_last_edited=&#8221;on|tablet&#8221; height_tablet=&#8221;500px&#8221; height_phone=&#8221;&#8221; height_last_edited=&#8221;on|phone&#8221; custom_margin=&#8221;||||false|false&#8221; custom_margin_tablet=&#8221;&#8221; custom_margin_phone=&#8221;&#8221; custom_margin_last_edited=&#8221;on|desktop&#8221; custom_padding=&#8221;0px||0px||true|false&#8221; background_last_edited=&#8221;off|phone&#8221; background_video_mp4_tablet=&#8221;\/files\/45sek.mp4&#8243; background_enable_video_mp4_tablet=&#8221;on&#8221; background_enable_video_mp4_phone=&#8221;off&#8221; global_colors_info=&#8221;{}&#8221;][et_pb_column type=&#8221;2_5&#8243; _builder_version=&#8221;4.16&#8243; _module_preset=&#8221;default&#8221; custom_padding=&#8221;|||&#8221; global_colors_info=&#8221;{}&#8221; custom_padding__hover=&#8221;|||&#8221;][et_pb_text _builder_version=&#8221;4.27.6&#8243; _module_preset=&#8221;3eabf92b-1120-465d-8e87-43b2a82aaed5&#8243; header_font=&#8221;|700|||||||&#8221; header_text_align=&#8221;left&#8221; header_font_size=&#8221;45px&#8221; header_line_height=&#8221;1.2em&#8221; custom_margin=&#8221;|0px|||false|false&#8221; custom_margin_tablet=&#8221;|0px|||false|false&#8221; custom_margin_last_edited=&#8221;off|desktop&#8221; custom_padding=&#8221;4vw||||false|false&#8221; custom_padding_tablet=&#8221;0vw||4vw||false|false&#8221; custom_padding_phone=&#8221;0vw||5vw||false|false&#8221; custom_padding_last_edited=&#8221;on|tablet&#8221; header_font_size_tablet=&#8221;40px&#8221; header_font_size_phone=&#8221;30px&#8221; header_font_size_last_edited=&#8221;on|tablet&#8221; global_colors_info=&#8221;{}&#8221;]<\/p>\n<h1>TRUSTED CONSTRUCTION<\/h1>\n<h1>BUILDER FOR<\/h1>\n<h1>OVER 26 YEARS<\/h1>\n<p><span><\/span><\/p>\n<p>[\/et_pb_text][et_pb_text _builder_version=&#8221;4.27.6&#8243; _module_preset=&#8221;3eabf92b-1120-465d-8e87-43b2a82aaed5&#8243; header_font=&#8221;|700|||||||&#8221; header_text_align=&#8221;left&#8221; header_font_size=&#8221;45px&#8221; header_line_height=&#8221;1.2em&#8221; custom_margin=&#8221;-34px|140px|33px||false|false&#8221; custom_margin_tablet=&#8221;|28px|||false|false&#8221; custom_margin_phone=&#8221;|28px|||false|false&#8221; custom_margin_last_edited=&#8221;on|phone&#8221; custom_padding=&#8221;0vw||||false|false&#8221; custom_padding_tablet=&#8221;0vw||4vw||false|false&#8221; custom_padding_phone=&#8221;0vw||5vw||false|false&#8221; custom_padding_last_edited=&#8221;on|phone&#8221; header_font_size_tablet=&#8221;40px&#8221; header_font_size_phone=&#8221;30px&#8221; header_font_size_last_edited=&#8221;on|tablet&#8221; global_colors_info=&#8221;{}&#8221;]<\/p>\n<p>\u00deG verk has been an outstanding construction contractor on the Icelandic market since 1998. Along with having built another thousand apartments, there are many large and complex tender projects behind them that have stood the test of time.<\/p>\n<p>[\/et_pb_text][et_pb_button button_url=&#8221;https:\/\/tgverk.is\/en\/real-estates\/&#8221; button_text=&#8221;For sale&#8221; button_alignment=&#8221;left&#8221; button_alignment_tablet=&#8221;left&#8221; button_alignment_phone=&#8221;left&#8221; button_alignment_last_edited=&#8221;on|desktop&#8221; _builder_version=&#8221;4.27.6&#8243; _module_preset=&#8221;548b2e8a-68b6-413e-a43a-f9915a7d1679&#8243; custom_margin=&#8221;-14px||||false|false&#8221; custom_margin_tablet=&#8221;-51px||29px||false|false&#8221; custom_margin_phone=&#8221;-28px||33px||false|false&#8221; custom_margin_last_edited=&#8221;on|desktop&#8221; hover_enabled=&#8221;0&#8243; global_colors_info=&#8221;{}&#8221; sticky_enabled=&#8221;0&#8243;][\/et_pb_button][\/et_pb_column][et_pb_column type=&#8221;3_5&#8243; _builder_version=&#8221;4.16&#8243; _module_preset=&#8221;default&#8221; custom_padding=&#8221;|||&#8221; global_colors_info=&#8221;{}&#8221; custom_padding__hover=&#8221;|||&#8221;][et_pb_gallery gallery_ids=&#8221;15026,15027,15028&#8243; fullwidth=&#8221;on&#8221; _builder_version=&#8221;4.27.5&#8243; _module_preset=&#8221;default&#8221; auto=&#8221;on&#8221; auto_speed=&#8221;5000&#8243; global_colors_info=&#8221;{}&#8221;][\/et_pb_gallery][\/et_pb_column][\/et_pb_row][\/et_pb_section][et_pb_section fb_built=&#8221;1&#8243; _builder_version=&#8221;4.16&#8243; _module_preset=&#8221;default&#8221; global_colors_info=&#8221;{}&#8221;][et_pb_row column_structure=&#8221;1_3,1_3,1_3&#8243; _builder_version=&#8221;4.16&#8243; _module_preset=&#8221;default&#8221; global_colors_info=&#8221;{}&#8221;][et_pb_column type=&#8221;1_3&#8243; _builder_version=&#8221;4.16&#8243; _module_preset=&#8221;default&#8221; global_colors_info=&#8221;{}&#8221;][et_pb_text _builder_version=&#8221;4.27.6&#8243; _module_preset=&#8221;default&#8221; header_3_font=&#8221;|600|||||||&#8221; header_3_line_height=&#8221;1.4em&#8221; custom_margin_tablet=&#8221;-40px||||false|false&#8221; custom_margin_phone=&#8221;-50px||||false|false&#8221; custom_margin_last_edited=&#8221;on|desktop&#8221; custom_padding=&#8221;0px||25px||false|false&#8221; text_orientation_last_edited=&#8221;off|phone&#8221; global_colors_info=&#8221;{}&#8221;]<\/p>\n<h2><span>RESEDENTIAL BUILDINGS<\/span><\/h2>\n<p><span style=\"overflow: auto;\">\u00deG Verk has over the years built countless apartments for the happy families. Reliability, quality and usability is our motto and the company strives to have good cooperation with its customers.<\/span><\/p>\n<p>[\/et_pb_text][\/et_pb_column][et_pb_column type=&#8221;1_3&#8243; _builder_version=&#8221;4.16&#8243; _module_preset=&#8221;default&#8221; global_colors_info=&#8221;{}&#8221;][et_pb_text _builder_version=&#8221;4.25.1&#8243; _module_preset=&#8221;default&#8221; header_3_font=&#8221;|600|||||||&#8221; header_3_line_height=&#8221;1.4em&#8221; custom_margin_tablet=&#8221;&#8221; custom_margin_phone=&#8221;&#8221; custom_margin_last_edited=&#8221;on|desktop&#8221; custom_padding=&#8221;||||false|false&#8221; custom_padding_tablet=&#8221;||25px||false|false&#8221; custom_padding_phone=&#8221;&#8221; custom_padding_last_edited=&#8221;on|tablet&#8221; global_colors_info=&#8221;{}&#8221;]<\/p>\n<h2><span>COMMERCIAL BUILDINGS<\/span><\/h2>\n<p><span>\u00deG Verk\u00b4s previous projects include Alvogen&#8217;s High Technology Center, Costco, Morgunbla\u00f0i\u00f0&#8217;s printing plant, H\u00fasami\u00f0jan&#8217;s retail premises by V\u00ednlandslei\u00f0 and Hafnartorg.<\/span><\/p>\n<p>[\/et_pb_text][\/et_pb_column][et_pb_column type=&#8221;1_3&#8243; _builder_version=&#8221;4.16&#8243; _module_preset=&#8221;default&#8221; global_colors_info=&#8221;{}&#8221;][et_pb_text _builder_version=&#8221;4.25.1&#8243; _module_preset=&#8221;default&#8221; header_3_font=&#8221;|600|||||||&#8221; header_3_line_height=&#8221;1.4em&#8221; custom_margin_tablet=&#8221;||-40px||false|false&#8221; custom_margin_phone=&#8221;&#8221; custom_margin_last_edited=&#8221;on|tablet&#8221; global_colors_info=&#8221;{}&#8221;]<\/p>\n<h2><span>OTHER PROJECTS<\/span><\/h2>\n<p><span>\u00deG Verk has carried out various projects for geothermal power plants, including as the main contractor for the 1st and 2nd phases of the Hellisheidi power plant and for the expansion of the Nesjavellir power plant. The company has also worked on bridge construction, tunnels and traffic infrastructure.<\/span><\/p>\n<p>[\/et_pb_text][\/et_pb_column][\/et_pb_row][\/et_pb_section][et_pb_section fb_built=&#8221;1&#8243; _builder_version=&#8221;4.27.6&#8243; _module_preset=&#8221;default&#8221; custom_padding=&#8221;||151px|||&#8221; global_colors_info=&#8221;{}&#8221;][et_pb_row column_structure=&#8221;2_3,1_3&#8243; _builder_version=&#8221;4.27.5&#8243; _module_preset=&#8221;8fa45092-d2e7-423b-81ba-d9dcace30bc6&#8243; custom_padding=&#8221;||0px|||&#8221; global_colors_info=&#8221;{}&#8221;][et_pb_column type=&#8221;2_3&#8243; _builder_version=&#8221;4.27.5&#8243; _module_preset=&#8221;default&#8221; global_colors_info=&#8221;{}&#8221;][et_pb_text content_last_edited=&#8221;off|desktop&#8221; disabled_on=&#8221;off|off|off&#8221; _builder_version=&#8221;4.27.6&#8243; _module_preset=&#8221;fab043a0-898e-4351-b36d-b9958c64f646&#8243; text_text_color=&#8221;rgba(0,0,0,0.87)&#8221; text_line_height=&#8221;1.6em&#8221; header_3_line_height=&#8221;1.7em&#8221; custom_margin=&#8221;||50px||false|false&#8221; header_3_line_height_tablet=&#8221;1.9em&#8221; header_3_line_height_last_edited=&#8221;off|desktop&#8221; global_colors_info=&#8221;{}&#8221;]<\/p>\n<h2>PROJECTS IN PROGRESS<\/h2>\n<p style=\"font-weight: 400;\">On \u00deG Verk\u2019s project website, you can find information about apartments for sale, buildings under construction, and completed projects. Click on the images or the link for more detailed information.<\/p>\n<p>[\/et_pb_text][\/et_pb_column][et_pb_column type=&#8221;1_3&#8243; _builder_version=&#8221;4.27.5&#8243; _module_preset=&#8221;default&#8221; global_colors_info=&#8221;{}&#8221;][et_pb_button button_url=&#8221;https:\/\/tgverk.is\/en\/our-projects&#8221; button_text=&#8221;See all Projects&#8221; button_alignment=&#8221;right&#8221; button_alignment_tablet=&#8221;left&#8221; button_alignment_phone=&#8221;left&#8221; button_alignment_last_edited=&#8221;on|phone&#8221; _builder_version=&#8221;4.27.6&#8243; _module_preset=&#8221;7a12ef2a-a112-443e-8c0b-e4d0ecb11c56&#8243; custom_margin=&#8221;38px||||false|false&#8221; custom_margin_tablet=&#8221;-38px||50px||false|false&#8221; custom_margin_phone=&#8221;||46px||false|false&#8221; custom_margin_last_edited=&#8221;on|phone&#8221; global_colors_info=&#8221;{}&#8221; button_text_color__hover_enabled=&#8221;on|desktop&#8221;][\/et_pb_button][\/et_pb_column][\/et_pb_row][et_pb_row column_structure=&#8221;1_4,1_4,1_4,1_4&#8243; _builder_version=&#8221;4.27.5&#8243; _module_preset=&#8221;8fa45092-d2e7-423b-81ba-d9dcace30bc6&#8243; global_colors_info=&#8221;{}&#8221;][et_pb_column type=&#8221;1_4&#8243; _builder_version=&#8221;4.27.5&#8243; _module_preset=&#8221;default&#8221; global_colors_info=&#8221;{}&#8221;][et_pb_image src=&#8221;https:\/\/tgverk.is\/en\/wp-content\/uploads\/2026\/03\/box-1-2.jpg&#8221; title_text=&#8221;box-1&#8243; _builder_version=&#8221;4.27.6&#8243; _module_preset=&#8221;default&#8221; global_colors_info=&#8221;{}&#8221;][\/et_pb_image][\/et_pb_column][et_pb_column type=&#8221;1_4&#8243; _builder_version=&#8221;4.27.5&#8243; _module_preset=&#8221;default&#8221; global_colors_info=&#8221;{}&#8221;][et_pb_image src=&#8221;https:\/\/tgverk.is\/en\/wp-content\/uploads\/2026\/03\/box-2-1.jpg&#8221; title_text=&#8221;box-2&#8243; url=&#8221;https:\/\/tgverk.is\/en\/thorraholtid\/&#8221; _builder_version=&#8221;4.27.6&#8243; _module_preset=&#8221;default&#8221; global_colors_info=&#8221;{}&#8221;][\/et_pb_image][\/et_pb_column][et_pb_column type=&#8221;1_4&#8243; _builder_version=&#8221;4.27.5&#8243; _module_preset=&#8221;default&#8221; global_colors_info=&#8221;{}&#8221;][et_pb_image src=&#8221;https:\/\/tgverk.is\/en\/wp-content\/uploads\/2026\/03\/box-3-1.jpg&#8221; title_text=&#8221;box-3&#8243; url=&#8221;https:\/\/tgverk.is\/olfusarbru-2\/&#8221; _builder_version=&#8221;4.27.6&#8243; _module_preset=&#8221;default&#8221; global_colors_info=&#8221;{}&#8221;][\/et_pb_image][\/et_pb_column][et_pb_column type=&#8221;1_4&#8243; _builder_version=&#8221;4.27.5&#8243; _module_preset=&#8221;default&#8221; global_colors_info=&#8221;{}&#8221;][et_pb_image src=&#8221;https:\/\/tgverk.is\/en\/wp-content\/uploads\/2026\/03\/box-4.jpg&#8221; title_text=&#8221;box-4&#8243; _builder_version=&#8221;4.27.5&#8243; _module_preset=&#8221;default&#8221; global_colors_info=&#8221;{}&#8221;][\/et_pb_image][\/et_pb_column][\/et_pb_row][\/et_pb_section][et_pb_section fb_built=&#8221;1&#8243; module_id=&#8221;sjodur&#8221; _builder_version=&#8221;4.27.5&#8243; _module_preset=&#8221;default&#8221; background_color=&#8221;#ebf0fe&#8221; custom_padding=&#8221;3px|||||&#8221; global_colors_info=&#8221;{}&#8221;][et_pb_row column_structure=&#8221;1_2,1_2&#8243; _builder_version=&#8221;4.27.5&#8243; _module_preset=&#8221;6bb83add-dce0-4a83-b235-2589d517f0c8&#8243; width_last_edited=&#8221;off|desktop&#8221; global_colors_info=&#8221;{}&#8221;][et_pb_column type=&#8221;1_2&#8243; _builder_version=&#8221;4.27.4&#8243; _module_preset=&#8221;default&#8221; custom_padding=&#8221;100px||||false|false&#8221; custom_padding_tablet=&#8221;20px||||false|false&#8221; custom_padding_phone=&#8221;20px||||false|false&#8221; custom_padding_last_edited=&#8221;on|phone&#8221; global_colors_info=&#8221;{}&#8221;][et_pb_text _builder_version=&#8221;4.27.5&#8243; _module_preset=&#8221;f56ef370-7e0b-4a59-aa32-09069a21babe&#8221; background_video_mp4=&#8221;https:\/\/www.tgsjodur.is\/videos\/hero-loop.mp4&#8243; width=&#8221;38%&#8221; width_tablet=&#8221;91%&#8221; width_phone=&#8221;90%&#8221; width_last_edited=&#8221;on|phone&#8221; module_alignment=&#8221;center&#8221; height=&#8221;300px&#8221; custom_padding=&#8221;||||true|false&#8221; global_colors_info=&#8221;{}&#8221;][\/et_pb_text][et_pb_button button_url=&#8221;https:\/\/tgsjodur.is&#8221; url_new_window=&#8221;on&#8221; button_text=&#8221;More Details&#8221; button_alignment=&#8221;center&#8221; button_alignment_tablet=&#8221;left&#8221; button_alignment_phone=&#8221;left&#8221; button_alignment_last_edited=&#8221;on|tablet&#8221; disabled_on=&#8221;on|on|off&#8221; _builder_version=&#8221;4.27.6&#8243; _module_preset=&#8221;ac8d1123-c4e7-4a16-8919-fa4c4777fc78&#8243; global_colors_info=&#8221;{}&#8221;][\/et_pb_button][\/et_pb_column][et_pb_column type=&#8221;1_2&#8243; _builder_version=&#8221;4.27.4&#8243; _module_preset=&#8221;default&#8221; custom_padding=&#8221;100px||||false|false&#8221; custom_padding_tablet=&#8221;20px||||false|false&#8221; custom_padding_phone=&#8221;20px||||false|false&#8221; custom_padding_last_edited=&#8221;on|phone&#8221; global_colors_info=&#8221;{}&#8221;][et_pb_text _builder_version=&#8221;4.27.5&#8243; _module_preset=&#8221;f56ef370-7e0b-4a59-aa32-09069a21babe&#8221; header_font=&#8221;Inter|700|||||||&#8221; header_text_color=&#8221;#0C71C3&#8243; header_font_size=&#8221;44px&#8221; custom_margin=&#8221;||9px|||&#8221; custom_padding=&#8221;||10px|||&#8221; global_colors_info=&#8221;{}&#8221;]<\/p>\n<h1>\u00deG Sj\u00f3\u00f0ur<\/h1>\n<p>[\/et_pb_text][et_pb_text content_last_edited=&#8221;off|desktop&#8221; disabled_on=&#8221;off|off|off&#8221; _builder_version=&#8221;4.27.6&#8243; _module_preset=&#8221;f56ef370-7e0b-4a59-aa32-09069a21babe&#8221; header_3_line_height=&#8221;1.7em&#8221; custom_margin=&#8221;||50px||false|false&#8221; header_3_line_height_tablet=&#8221;1.9em&#8221; header_3_line_height_last_edited=&#8221;off|desktop&#8221; global_colors_info=&#8221;{}&#8221;]<\/p>\n<p data-start=\"55\" data-end=\"211\">\u00deG Fund is an investment fund that invests in residential properties built by \u00deG verktakar ehf., a company that has constructed thousands of apartments.<\/p>\n<p data-start=\"213\" data-end=\"386\">\u00deG Fund invests for a period of up to 10 years, covering up to 20% of the purchase price of a property, thereby acquiring a proportional ownership share in the property.<\/p>\n<p data-start=\"388\" data-end=\"540\">The buyer contributes a minimum of 10% of the purchase price and secures financing from a lending institution for up to 70% of the property\u2019s value.<\/p>\n<p data-start=\"542\" data-end=\"640\">The individual owns and fully controls their home but pays rent on the share owned by \u00deG Fund.<\/p>\n<p>[\/et_pb_text][et_pb_button button_url=&#8221;https:\/\/tgsjodur.is&#8221; url_new_window=&#8221;on&#8221; button_text=&#8221;More Details&#8221; button_alignment=&#8221;left&#8221; button_alignment_tablet=&#8221;left&#8221; button_alignment_phone=&#8221;left&#8221; button_alignment_last_edited=&#8221;on|tablet&#8221; disabled_on=&#8221;off|off|on&#8221; _builder_version=&#8221;4.27.6&#8243; _module_preset=&#8221;ac8d1123-c4e7-4a16-8919-fa4c4777fc78&#8243; global_colors_info=&#8221;{}&#8221;][\/et_pb_button][\/et_pb_column][\/et_pb_row][\/et_pb_section]<\/p>\n","protected":false},"excerpt":{"rendered":"<p>TRUSTED CONSTRUCTION BUILDER FOR OVER 26 YEARS \u00deG verk has been an outstanding construction contractor on the Icelandic market since 1998. Along with having built another thousand apartments, there are many large and complex tender projects behind them that have stood the test of time.RESEDENTIAL BUILDINGS \u00deG Verk has over the years built countless apartments [&hellip;]<\/p>\n","protected":false},"author":1,"featured_media":0,"parent":0,"menu_order":0,"comment_status":"closed","ping_status":"closed","template":"","meta":{"_et_pb_use_builder":"on","_et_pb_old_content":"<!-- wp:paragraph -->\n<p>This is an example page. It's different from a blog post because it will stay in one place and will show up in your site navigation (in most themes). Most people start with an About page that introduces them to potential site visitors. It might say something like this:<\/p>\n<!-- \/wp:paragraph -->\n\n<!-- wp:quote -->\n<blockquote class=\"wp-block-quote\"><p>Hi there! I'm a bike messenger by day, aspiring actor by night, and this is my website. I live in Los Angeles, have a great dog named Jack, and I like pi\u00f1a coladas. (And gettin' caught in the rain.)<\/p><\/blockquote>\n<!-- \/wp:quote -->\n\n<!-- wp:paragraph -->\n<p>...or something like this:<\/p>\n<!-- \/wp:paragraph -->\n\n<!-- wp:quote -->\n<blockquote class=\"wp-block-quote\"><p>The XYZ Doohickey Company was founded in 1971, and has been providing quality doohickeys to the public ever since. Located in Gotham City, XYZ employs over 2,000 people and does all kinds of awesome things for the Gotham community.<\/p><\/blockquote>\n<!-- \/wp:quote -->\n\n<!-- wp:paragraph -->\n<p>As a new WordPress user, you should go to <a href=\"https:\/\/tgverk.is\/wp-admin\/\">your dashboard<\/a> to delete this page and create new pages for your content. Have fun!<\/p>\n<!-- \/wp:paragraph -->","_et_gb_content_width":"","footnotes":""},"class_list":["post-2","page","type-page","status-publish","hentry"],"_links":{"self":[{"href":"https:\/\/tgverk.is\/en\/wp-json\/wp\/v2\/pages\/2","targetHints":{"allow":["GET"]}}],"collection":[{"href":"https:\/\/tgverk.is\/en\/wp-json\/wp\/v2\/pages"}],"about":[{"href":"https:\/\/tgverk.is\/en\/wp-json\/wp\/v2\/types\/page"}],"author":[{"embeddable":true,"href":"https:\/\/tgverk.is\/en\/wp-json\/wp\/v2\/users\/1"}],"replies":[{"embeddable":true,"href":"https:\/\/tgverk.is\/en\/wp-json\/wp\/v2\/comments?post=2"}],"version-history":[{"count":87,"href":"https:\/\/tgverk.is\/en\/wp-json\/wp\/v2\/pages\/2\/revisions"}],"predecessor-version":[{"id":15031,"href":"https:\/\/tgverk.is\/en\/wp-json\/wp\/v2\/pages\/2\/revisions\/15031"}],"wp:attachment":[{"href":"https:\/\/tgverk.is\/en\/wp-json\/wp\/v2\/media?parent=2"}],"curies":[{"name":"wp","href":"https:\/\/api.w.org\/{rel}","templated":true}]}}